{"id":64108,"date":"2024-05-29T10:12:05","date_gmt":"2024-05-29T08:12:05","guid":{"rendered":"https:\/\/marvipark.es\/politica-de-privadesa\/"},"modified":"2024-07-16T11:24:28","modified_gmt":"2024-07-16T09:24:28","slug":"politica-de-privadesa","status":"publish","type":"page","link":"https:\/\/marvipark.es\/ca\/politica-de-privadesa\/","title":{"rendered":"Pol\u00edtica de privadesa"},"content":{"rendered":"\n<p>LINE INVESTMENT SL informa els usuaris del lloc web sobre la seva pol\u00edtica respecte del tractament i protecci\u00f3 de les dades de car\u00e0cter personal dels usuaris i clients que puguin ser demanats per la navegaci\u00f3 o contractaci\u00f3 de serveis a trav\u00e9s del seu lloc web.<\/p>\n\n<p>En aquest sentit, LINE INVESTMENT SL garanteix el compliment de la normativa vigent en mat\u00e8ria de protecci\u00f3 de dades personals, reflectida a la Llei Org\u00e0nica 15\u20441999, de 13 de desembre, de Protecci\u00f3 de Dades de Car\u00e0cter Personal (LOPD), i al Reial Decret 1720\/2007, de 21 de desembre, conegut com el Reglament de desenvolupament de la LOPD. Compleix tamb\u00e9 amb el Reglament (UE) 2016\/679 del Parlament Europeu i del Consell de 27 d&#8217;abril de 2016 relatiu a la protecci\u00f3 de les persones f\u00edsiques (RGPD).<\/p>\n\n<p>L\u00b4\u00fas d\u00b4aquest web implica l\u00b4acceptaci\u00f3 d\u00b4aquesta pol\u00edtica de privadesa.<\/p>\n\n<p><strong>IDENTITAT DEL RESPONSABLE<\/strong><\/p>\n\n<ul class=\"wp-block-list\">\n<li><strong>Titular:<\/strong> LINE INVESTMENT SL<\/li>\n\n\n\n<li><strong>NIF\/CIF:<\/strong> B60356706<\/li>\n\n\n\n<li><strong>Domicili:<\/strong> C\/Mallorca 607 baix, 08026 Barcelona<\/li>\n\n\n\n<li><strong>Correu electr\u00f2nic:<\/strong> direccio@marvipark.es<\/li>\n<\/ul>\n\n<p><strong>PRINCIPIS QUE APLICAREM A LA TEVA INFORMACI\u00d3 PERSONAL<\/strong><\/p>\n\n<p>En el tractament de les teves dades personals, aplicarem els principis seg\u00fcents que s&#8217;ajusten a les exig\u00e8ncies del nou reglament europeu de protecci\u00f3 de dades:<\/p>\n\n<ul class=\"wp-block-list\">\n<li><strong>Principi de licitud, lleialtat i transpar\u00e8ncia:<\/strong> Sempre requerirem el teu consentiment per al tractament de les teves dades personals per a un o diversos fins espec\u00edfics que t&#8217;informarem pr\u00e8viament amb absoluta transpar\u00e8ncia.<\/li>\n\n\n\n<li><strong>Principi de minimitzaci\u00f3 de dades:<\/strong> Nom\u00e9s sol\u00b7licitarem dades estrictament necess\u00e0ries en relaci\u00f3 amb les finalitats per a les quals les requerim. Els m\u00ednims possibles.<\/li>\n\n\n\n<li><strong>Principi de limitaci\u00f3 del termini de conservaci\u00f3:<\/strong> Les dades seran mantingudes durant no m\u00e9s temps del necessari per als fins del tractament, en funci\u00f3 de la finalitat, us informarem del termini de conservaci\u00f3 corresponent, en el cas de subscripcions, peri\u00f2dicament revisarem les nostres llistes i eliminarem aquells registres inactius durant un temps considerable.<\/li>\n\n\n\n<li><strong>Principi d&#8217;integritat i confidencialitat:<\/strong> Les teves dades seran tractades de manera que es garanteixi una seguretat adequada de les dades personals i es garanteixi confidencialitat. Has de saber que prenem totes les precaucions necess\u00e0ries per evitar l&#8217;acc\u00e9s no autoritzat o l&#8217;\u00fas indegut de les dades dels nostres usuaris per part de tercers.<\/li>\n<\/ul>\n\n<p><strong>COM HEM OBTINGUT LES TEVES DADES?<\/strong><\/p>\n\n<p>Perqu\u00e8 puguis navegar per www.marvipark.es, no cal que facilitis cap dada personal.<\/p>\n\n<p>Els casos en qu\u00e8 si em d\u00f3nes les teves dades s\u00f3n els seg\u00fcents:<\/p>\n\n<p><strong>QUINES S\u00d3N ELS TEUS DRETS QUAN ENS FACILITES LES TEVES DADES?<\/strong><\/p>\n\n<p>Les persones interessades tenen dret a:<\/p>\n\n<ul class=\"wp-block-list\">\n<li>Sol\u00b7licitar l&#8217;acc\u00e9s a les dades personals relatives a la persona interessada.<\/li>\n\n\n\n<li>Sol\u00b7licitar-ne la rectificaci\u00f3 o supressi\u00f3.<\/li>\n\n\n\n<li>Sol\u00b7licitar la limitaci\u00f3 del tractament.<\/li>\n\n\n\n<li>Oposar-se al tractament.<\/li>\n\n\n\n<li>Portabilitat de dades.<\/li>\n<\/ul>\n\n<p>L&#8217;exercici d&#8217;aquests drets \u00e9s personal i ha de ser exercit directament per l&#8217;interessat, sol\u00b7licitant-lo directament a LINE INVESTMENT SL, la qual cosa significa que qualsevol client, subscriptor o col\u00b7laborador que m&#8217;hagi facilitat les dades en algun moment, pot adre\u00e7ar-se a LINE INVESTMENT SL i demanar-me informaci\u00f3 sobre les dades que tinc emmagatzemades i com les he obtingut (dret d&#8217;acc\u00e9s), podeu sol\u00b7licitar-ne la rectificaci\u00f3, oposar-vos al tractament, que en limiti l&#8217;\u00fas o, si escau, la cancel\u00b7laci\u00f3 d&#8217;aquestes dades als meus fitxers.<\/p>\n\n<p>Podeu enviar qualsevol petici\u00f3 d&#8217;aquest tipus i exercitar els drets d&#8217;acc\u00e9s, rectificaci\u00f3, cancel\u00b7laci\u00f3 i oposici\u00f3 a trav\u00e9s de correu electr\u00f2nic enviant un correu electr\u00f2nic a direccio@marvipark.es juntament amb la prova v\u00e0lida en dret com una fotoc\u00f2pia del DNI o equivalent.<\/p>\n\n<p>Els interessats tamb\u00e9 tenen dret a la tutela judicial efectiva ia presentar una reclamaci\u00f3 davant de l&#8217;autoritat de control, en aquest cas, l&#8217;Ag\u00e8ncia Espanyola de Protecci\u00f3 de Dades, si consideren que el tractament de dades personals que li concerneixen infringeix el Reglament.<\/p>\n\n<p><strong>AMB QUINA FINALITAT TRACTEM LES TEVES DADES PERSONALS?<\/strong><\/p>\n\n<p>Quan un usuari es connecta a www.marvipark.es per enviar un correu al titular, subscriure&#8217;s o realitzar alguna contractaci\u00f3, est\u00e0 facilitant informaci\u00f3 de car\u00e0cter personal de qu\u00e8 \u00e9s responsable LINE INVESTMENT SL. Aquesta informaci\u00f3 pot incloure dades de car\u00e0cter personal com poden ser la teva adre\u00e7a IP, nom, adre\u00e7a f\u00edsica, adre\u00e7a de correu electr\u00f2nic, n\u00famero de tel\u00e8fon i altra informaci\u00f3. En facilitar aquesta informaci\u00f3, l&#8217;usuari d\u00f3na el seu consentiment perqu\u00e8 la seva informaci\u00f3 sigui recopilada, utilitzada, gestionada i emmagatzemada per Dreamhost nom\u00e9s com es descriu a l&#8217;Av\u00eds Legal ia la present Pol\u00edtica de Privadesa.<\/p>\n\n<p>A www.marvipark.es hi ha diferents sistemes de captura d&#8217;informaci\u00f3 personal i tractem la informaci\u00f3 que ens faciliten les persones interessades amb la finalitat seg\u00fcent per cada sistema de captura (formularis):<\/p>\n\n<p>Hi ha altres finalitats per les quals tractem les teves dades personals:<\/p>\n\n<ul class=\"wp-block-list\">\n<li>Per garantir el compliment de les condicions d\u00fas i la llei aplicable. Aix\u00f2 pot incloure el desenvolupament d&#8217;eines i algoritmes que ajuden aquesta web a garantir la confidencialitat de les dades personals que recull.<\/li>\n\n\n\n<li>Per donar suport i millorar els serveis que ofereix aquesta web.<\/li>\n\n\n\n<li>Tamb\u00e9 es recullen altres dades no identificatives que s&#8217;obtenen mitjan\u00e7ant algunes galetes que es descarreguen a l&#8217;ordinador de l&#8217;usuari quan navega en aquesta web, i que detallem a la pol\u00edtica de galetes.<\/li>\n\n\n\n<li>Per gestionar les xarxes socials. LINE INVESTMENT SL pot tenir pres\u00e8ncia a xarxes socials. El tractament de les dades que es dugui a terme de les persones que es facin seguidores a les xarxes socials de les p\u00e0gines oficials de LINE INVESTMENT SL, es regir\u00e0 per aquest apartat. Aix\u00ed com per aquelles condicions d\u00fas, pol\u00edtiques de privadesa i normatives dacc\u00e9s que pertanyin a la xarxa social que procedeixi en cada cas i acceptades pr\u00e8viament per lusuari. LINE INVESTMENT SL tractar\u00e0 les vostres dades amb les finalitats d&#8217;administrar correctament la vostra pres\u00e8ncia a la xarxa social, informant d&#8217;activitats, productes o serveis de LINE INVESTMENT SL. Aix\u00ed com per a qualsevol altra finalitat que les normatives de les xarxes socials permetin. En cap cas far\u00e9 servir els perfils de seguidors en xarxes socials per enviar publicitat de manera individual.<\/li>\n<\/ul>\n\n<p><strong>COM PROTEGEIXEM LES TEVES DADES<\/strong><\/p>\n\n<p>Aquest lloc web es troba allotjat a Dreamhost. La seguretat de les teves dades est\u00e0 garantida, ja que prenen totes les mesures de seguretat necess\u00e0ries per fer-ho. Pots consultar la seva pol\u00edtica de privadesa per tenir m\u00e9s informaci\u00f3.<\/p>\n\n<p>Per protegir la teva informaci\u00f3 personal, prenem precaucions raonables i seguim les millors pr\u00e0ctiques de la ind\u00fastria per assegurar-nos que no hi hagi p\u00e8rdua de manera inadequada, mal \u00fas, acc\u00e9s, divulgaci\u00f3, alteraci\u00f3 o destrucci\u00f3 de la mateixa.<\/p>\n\n<p><strong>CONTINGUT D&#8217;ALTRES LLOCS WEB<\/strong><\/p>\n\n<p>Els articles d&#8217;aquest lloc web poden incloure contingut incrustat (per exemple, v\u00eddeos, imatges, articles, etc.). El contingut incrustat d&#8217;altres webs es comporta exactament de la mateixa manera que si el visitant hagu\u00e9s visitat l&#8217;altra web.<\/p>\n\n<p>Aquestes webs poden recopilar dades sobre tu, utilitzar cookies, incrustar un seguiment addicional de tercers, i supervisar la teva interacci\u00f3 amb aquest contingut incrustat, incl\u00f2s el seguiment de la seva interacci\u00f3 amb el contingut incrustat si tens un compte i est\u00e0s connectat a aquest web.<\/p>\n\n<p><strong>LEGITIMACI\u00d3 PER AL TRACTAMENT DE LES TEVES DADES<\/strong><\/p>\n\n<p>La base legal per al tractament de les vostres dades \u00e9s: el consentiment.<\/p>\n\n<p>Per contactar o fer comentaris en aquesta web es requereix l&#8217;acceptaci\u00f3 d&#8217;aquesta pol\u00edtica de privadesa.<\/p>\n\n<p><strong>CATEGORIA DE DADES<\/strong><\/p>\n\n<ul class=\"wp-block-list\">\n<li>Les categories de dades que es tracten s\u00f3n dades identificatives.<\/li>\n\n\n\n<li>No es tracten categories de dades especialment protegides.<\/li>\n<\/ul>\n\n<p><strong>PER QUANT TEMPS CONSERVAREM LES TEVES DADES?<\/strong><\/p>\n\n<p>Les dades personals proporcionades es conservaran fins que se sol\u00b7licite la supressi\u00f3 per l&#8217;interessat.<\/p>\n\n<p><strong>A QUINS DESTINATARIS ES COMUNICARAN LES TEVES DADES?<\/strong><\/p>\n\n<ul class=\"wp-block-list\">\n<li><strong>Google Analytics<\/strong> \u00e9s un servei d&#8217;anal\u00edtica web prestat per Google, Inc., una companyia de Delaware que t\u00e9 com a oficina principal el 1600 Amphitheatre Parkway, Mountain View (Calif\u00f2rnia), CA 94043, Estats Units (\u201cGoogle\u201d). Google Analytics utilitza \u201ccookies\u201d, que s\u00f3n arxius de text ubicats al vostre ordinador, per ajudar a www.marvipark.es a analitzar l&#8217;\u00fas que fan els usuaris del lloc web. La informaci\u00f3 que genera la galeta sobre el seu \u00fas de www.marvipark.es (incloent-hi la vostra adre\u00e7a IP) ser\u00e0 directament transmesa i arxivada per Google als servidors dels Estats Units.<\/li>\n<\/ul>\n\n<p>Pots veure una llista dels tipus de galetes que utilitza Google, aix\u00ed com descobrir com utilitzen Google i els seus col\u00b7laboradors les galetes en publicitat. A la Pol\u00edtica de privadesa de Google s&#8217;explica com gestiona la teva privadesa pel que fa a l&#8217;\u00fas de les cookies i altra informaci\u00f3.<\/p>\n\n<p><strong>NAVEGACI\u00d3 WEB<\/strong><\/p>\n\n<p>En navegar per www.marvipark.es es poden recollir dades no identificables, que poden incloure, adreces IP, ubicaci\u00f3 geogr\u00e0fica (aproximadament), un registre de com s&#8217;utilitzen els serveis i llocs, i altres dades que no poden ser utilitzades per identificar al usuari. Entre les dades no identificatives hi ha tamb\u00e9 les relacionades amb els teus h\u00e0bits de navegaci\u00f3 a trav\u00e9s de serveis de tercers.<\/p>\n\n<p>Aquests webs utilitzen els seg\u00fcents serveis d&#8217;an\u00e0lisi de tercers:<\/p>\n\n<ul class=\"wp-block-list\">\n<li>Google Analytics<\/li>\n<\/ul>\n\n<p>Utilitzem aquesta informaci\u00f3 per analitzar tend\u00e8ncies, administrar el lloc, rastrejar els moviments dels usuaris al voltant del lloc i per recopilar informaci\u00f3 demogr\u00e0fica sobre la nostra base d&#8217;usuaris en conjunt.<\/p>\n\n<p><strong>EXACTITUD I VERACITAT DE LES DADES<\/strong><\/p>\n\n<p>Com a usuari, ets l&#8217;\u00fanic responsable de la veracitat i correcci\u00f3 de les dades que remetis a LINE INVESTMENT SL exonerant LINE INVESTMENT SL, de qualsevol responsabilitat sobre aix\u00f2.<\/p>\n\n<p>Els usuaris garanteixen i responen, en qualsevol cas, de l&#8217;exactitud, vig\u00e8ncia i autenticitat de les dades personals facilitades, i es comprometen a mantenir-les degudament actualitzades. L&#8217;usuari accepta proporcionar informaci\u00f3 completa i correcta al formulari de contacte o subscripci\u00f3.<\/p>\n\n<p><strong>ACCEPTACI\u00d3 I CONSENTIMENT<\/strong><\/p>\n\n<p>L&#8217;usuari declara haver estat informat de les condicions sobre protecci\u00f3 de dades de car\u00e0cter personal, acceptant i consentint-ne el tractament per part de LINE INVESTMENT SL en la forma i per a les finalitats indicades en aquesta pol\u00edtica de privadesa.<\/p>\n\n<p><strong>REVOCABILITAT<\/strong><\/p>\n\n<p>En tot moment, els usuaris que vulguin accedir a les vostres dades, rectificar-les o cancel\u00b7lar-les em poden enviar un email a direccio@marvipark.es i us explicar\u00e9 com exercir els vostres drets d&#8217;oposici\u00f3, acc\u00e9s i informaci\u00f3, rectificaci\u00f3, cancel\u00b7laci\u00f3 de les vostres dades i revocaci\u00f3 de autoritzaci\u00f3.<\/p>\n\n<p>Aix\u00f2 no inclou cap dada que estiguem obligats a conservar amb fins administratius, legals o de seguretat.<\/p>\n\n<p><strong>CANVIS A LA POL\u00cdTICA DE PRIVACITAT<\/strong><\/p>\n\n<p>LINE INVESTMENT SL es reserva el dret a modificar aquesta pol\u00edtica per adaptar-la a novetats legislatives o jurisprudencials, aix\u00ed com a pr\u00e0ctiques de la ind\u00fastria. En aquests sup\u00f2sits, LINE INVESTMENT SL anunciar\u00e0 en aquesta p\u00e0gina els canvis introdu\u00efts amb una antelaci\u00f3 raonable a la seva posada en pr\u00e0ctica.<\/p>\n","protected":false},"excerpt":{"rendered":"<p>LINE INVESTMENT SL informa els usuaris del lloc web sobre la seva pol\u00edtica respecte del tractament i protecci\u00f3 de les dades de car\u00e0cter personal dels usuaris i clients que puguin ser demanats per la navegaci\u00f3 o contractaci\u00f3 de serveis a trav\u00e9s del seu lloc web. En aquest sentit, LINE INVESTMENT..<\/p>\n","protected":false},"author":1,"featured_media":64084,"parent":0,"menu_order":0,"comment_status":"closed","ping_status":"closed","template":"","meta":{"footnotes":""},"class_list":["post-64108","page","type-page","status-publish","has-post-thumbnail","hentry"],"_hostinger_reach_plugin_has_subscription_block":false,"_hostinger_reach_plugin_is_elementor":false,"_links":{"self":[{"href":"https:\/\/marvipark.es\/ca\/wp-json\/wp\/v2\/pages\/64108","targetHints":{"allow":["GET"]}}],"collection":[{"href":"https:\/\/marvipark.es\/ca\/wp-json\/wp\/v2\/pages"}],"about":[{"href":"https:\/\/marvipark.es\/ca\/wp-json\/wp\/v2\/types\/page"}],"author":[{"embeddable":true,"href":"https:\/\/marvipark.es\/ca\/wp-json\/wp\/v2\/users\/1"}],"replies":[{"embeddable":true,"href":"https:\/\/marvipark.es\/ca\/wp-json\/wp\/v2\/comments?post=64108"}],"version-history":[{"count":3,"href":"https:\/\/marvipark.es\/ca\/wp-json\/wp\/v2\/pages\/64108\/revisions"}],"predecessor-version":[{"id":64298,"href":"https:\/\/marvipark.es\/ca\/wp-json\/wp\/v2\/pages\/64108\/revisions\/64298"}],"wp:featuredmedia":[{"embeddable":true,"href":"https:\/\/marvipark.es\/ca\/wp-json\/wp\/v2\/media\/64084"}],"wp:attachment":[{"href":"https:\/\/marvipark.es\/ca\/wp-json\/wp\/v2\/media?parent=64108"}],"curies":[{"name":"wp","href":"https:\/\/api.w.org\/{rel}","templated":true}]}}